{"id":18,"date":"2023-04-20T20:42:53","date_gmt":"2023-04-20T20:42:53","guid":{"rendered":"https:\/\/gtcmotor.be\/?page_id=18"},"modified":"2025-11-21T08:28:33","modified_gmt":"2025-11-21T08:28:33","slug":"accueil","status":"publish","type":"page","link":"https:\/\/gtcmotor.be\/","title":{"rendered":"Accueil"},"content":{"rendered":"<p>[et_pb_section fb_built=\u00a0\u00bb1&Prime; _builder_version=\u00a0\u00bb4.20.4&Prime; _module_preset=\u00a0\u00bbdefault\u00a0\u00bb background_image=\u00a0\u00bbhttps:\/\/gtcmotor.be\/wp-content\/uploads\/2023\/04\/banner-GTC-2-scaled.jpg\u00a0\u00bb custom_padding=\u00a0\u00bb0px|||||\u00a0\u00bb global_colors_info=\u00a0\u00bb{}\u00a0\u00bb][et_pb_row make_equal=\u00a0\u00bbon\u00a0\u00bb _builder_version=\u00a0\u00bb4.20.4&Prime; _module_preset=\u00a0\u00bbdefault\u00a0\u00bb width=\u00a0\u00bb100%\u00a0\u00bb max_width=\u00a0\u00bb100%\u00a0\u00bb custom_padding=\u00a0\u00bb0px||0px|||\u00a0\u00bb global_colors_info=\u00a0\u00bb{}\u00a0\u00bb][et_pb_column type=\u00a0\u00bb4_4&Prime; _builder_version=\u00a0\u00bb4.20.4&Prime; _module_preset=\u00a0\u00bbdefault\u00a0\u00bb global_colors_info=\u00a0\u00bb{}\u00a0\u00bb][et_pb_image src=\u00a0\u00bbhttps:\/\/gtcmotor.be\/wp-content\/uploads\/2023\/04\/cropped-GTC-MOTOR-Blanc.png\u00a0\u00bb title_text=\u00a0\u00bbcropped-GTC-MOTOR-Blanc.png\u00a0\u00bb align=\u00a0\u00bbcenter\u00a0\u00bb disabled_on=\u00a0\u00bbon|off|off\u00a0\u00bb _builder_version=\u00a0\u00bb4.20.4&Prime; _module_preset=\u00a0\u00bbdefault\u00a0\u00bb width=\u00a0\u00bb13%\u00a0\u00bb max_width=\u00a0\u00bb17%\u00a0\u00bb custom_margin=\u00a0\u00bb||-8px|||\u00a0\u00bb custom_padding=\u00a0\u00bb49px||0px|||\u00a0\u00bb global_colors_info=\u00a0\u00bb{}\u00a0\u00bb][\/et_pb_image][et_pb_text _builder_version=\u00a0\u00bb4.20.4&Prime; _module_preset=\u00a0\u00bbdefault\u00a0\u00bb text_orientation=\u00a0\u00bbcenter\u00a0\u00bb background_layout=\u00a0\u00bbdark\u00a0\u00bb custom_padding=\u00a0\u00bb9px|5%|0px|5%|false|false\u00a0\u00bb global_colors_info=\u00a0\u00bb{}\u00a0\u00bb]<\/p>\n<h1>Votre garage GTC Motor Jumet<\/h1>\n<p>&nbsp;<\/p>\n<p>[\/et_pb_text][et_pb_image src=\u00a0\u00bbhttps:\/\/gtcmotor.be\/wp-content\/uploads\/2024\/03\/logo-123-autoservices-blanc-185w.png\u00a0\u00bb title_text=\u00a0\u00bblogo-123-autoservices-blanc-185w\u00a0\u00bb align=\u00a0\u00bbcenter\u00a0\u00bb _builder_version=\u00a0\u00bb4.21.0&Prime; _module_preset=\u00a0\u00bbdefault\u00a0\u00bb global_colors_info=\u00a0\u00bb{}\u00a0\u00bb][\/et_pb_image][\/et_pb_column][\/et_pb_row][\/et_pb_section][et_pb_section fb_built=\u00a0\u00bb1&Prime; _builder_version=\u00a0\u00bb4.20.4&Prime; _module_preset=\u00a0\u00bbdefault\u00a0\u00bb custom_padding=\u00a0\u00bb0px||0px|||\u00a0\u00bb global_colors_info=\u00a0\u00bb{}\u00a0\u00bb][et_pb_row _builder_version=\u00a0\u00bb4.20.4&Prime; _module_preset=\u00a0\u00bbdefault\u00a0\u00bb global_colors_info=\u00a0\u00bb{}\u00a0\u00bb][et_pb_column type=\u00a0\u00bb4_4&Prime; _builder_version=\u00a0\u00bb4.20.4&Prime; _module_preset=\u00a0\u00bbdefault\u00a0\u00bb global_colors_info=\u00a0\u00bb{}\u00a0\u00bb][et_pb_text _builder_version=\u00a0\u00bb4.20.4&Prime; _module_preset=\u00a0\u00bbdefault\u00a0\u00bb global_colors_info=\u00a0\u00bb{}\u00a0\u00bb]<\/p>\n<p style=\"text-align: center;\">Vous pouvez nous joindre par t\u00e9l\u00e9phone au num\u00e9ro<span style=\"color: #000000;\"> <em><strong>071\/52.85.45<\/strong><\/em><\/span>\u00a0ou par e-mail \u00e0 l&rsquo;adresse suivante:<span style=\"color: #000000;\"><strong><em> <a href=\"mailto:contact@gtcmotor.be\" target=\"_new\" style=\"color: #000000;\" rel=\"noopener\">contact@gtcmotor.be<\/a><\/em><\/strong>.<\/span> Nous sommes \u00e9galement heureux de vous accueillir dans notre garage situ\u00e9 \u00e0 l&rsquo;adresse suivante: <span style=\"color: #000000;\"><em><strong>GTC-MOTOR SRL, Rue des Hamendes 213, 6040 Charleroi.<\/strong><\/em><\/span><\/p>\n<p style=\"text-align: center;\"><span style=\"color: #000000;\"><em><strong>Nous sommes ouverts du lundi au vendredi de 9h00 \u00e0 18h00<\/strong><\/em><\/span>, ferm\u00e9s le samedi et le dimanche. Si vous avez besoin d&rsquo;aide ou de conseils pour l&rsquo;entretien ou la r\u00e9paration de votre voiture, n&rsquo;h\u00e9sitez pas \u00e0 nous contacter. Nous sommes l\u00e0 pour vous aider \u00e0 maintenir votre v\u00e9hicule en parfait \u00e9tat de fonctionnement.<\/p>\n<p style=\"text-align: center;\">Nous sommes impatients de vous servir et de vous aider \u00e0 prendre soin de votre voiture.<\/p>\n<p style=\"text-align: center;\">L&rsquo;\u00e9quipe de <em>GTC-MOTOR<\/em><\/p>\n<p>[\/et_pb_text][\/et_pb_column][\/et_pb_row][\/et_pb_section][et_pb_section fb_built=\u00a0\u00bb1&Prime; _builder_version=\u00a0\u00bb4.20.4&Prime; _module_preset=\u00a0\u00bbdefault\u00a0\u00bb custom_padding=\u00a0\u00bb0px||0px|||\u00a0\u00bb global_colors_info=\u00a0\u00bb{}\u00a0\u00bb][et_pb_row _builder_version=\u00a0\u00bb4.20.4&Prime; _module_preset=\u00a0\u00bbdefault\u00a0\u00bb global_colors_info=\u00a0\u00bb{}\u00a0\u00bb][et_pb_column type=\u00a0\u00bb4_4&Prime; _builder_version=\u00a0\u00bb4.20.4&Prime; _module_preset=\u00a0\u00bbdefault\u00a0\u00bb global_colors_info=\u00a0\u00bb{}\u00a0\u00bb][et_pb_image src=\u00a0\u00bbhttps:\/\/gtcmotor.be\/wp-content\/uploads\/2023\/04\/Capture-decran-2023-04-22-a-15.37.17.png\u00a0\u00bb title_text=\u00a0\u00bbCapture d\u2019e\u0301cran 2023-04-22 a\u0300 15.37.17&Prime; url=\u00a0\u00bbhttps:\/\/www.google.com\/maps\/dir\/50.4233984,4.42368\/GTC-MOTOR+SRL,+Rue+des+Hamendes+213,+6040+Charleroi\/@50.4349113,4.4127596,13z\/data=!3m1!4b1!4m10!4m9!1m1!4e1!1m5!1m1!1s0x47c229e285b4c4eb:0xc27203f2b6eedf05!2m2!1d4.4699965!2d50.4465292!3e0&Prime; _builder_version=\u00a0\u00bb4.20.4&Prime; _module_preset=\u00a0\u00bbdefault\u00a0\u00bb global_colors_info=\u00a0\u00bb{}\u00a0\u00bb][\/et_pb_image][\/et_pb_column][\/et_pb_row][\/et_pb_section]<\/p>\n","protected":false},"excerpt":{"rendered":"<p>Votre garage GTC Motor Jumet &nbsp;Vous pouvez nous joindre par t\u00e9l\u00e9phone au num\u00e9ro 071\/52.85.45\u00a0ou par e-mail \u00e0 l&rsquo;adresse suivante: contact@gtcmotor.be. Nous sommes \u00e9galement heureux de vous accueillir dans notre garage situ\u00e9 \u00e0 l&rsquo;adresse suivante: GTC-MOTOR SRL, Rue des Hamendes 213, 6040 Charleroi. Nous sommes ouverts du lundi au vendredi de 9h00 \u00e0 18h00, ferm\u00e9s le [&hellip;]<\/p>\n","protected":false},"author":1,"featured_media":0,"parent":0,"menu_order":0,"comment_status":"closed","ping_status":"closed","template":"","meta":{"_et_pb_use_builder":"on","_et_pb_old_content":"<!-- wp:divi\/placeholder \/-->","_et_gb_content_width":"","footnotes":""},"class_list":["post-18","page","type-page","status-publish","hentry"],"_links":{"self":[{"href":"https:\/\/gtcmotor.be\/index.php\/wp-json\/wp\/v2\/pages\/18","targetHints":{"allow":["GET"]}}],"collection":[{"href":"https:\/\/gtcmotor.be\/index.php\/wp-json\/wp\/v2\/pages"}],"about":[{"href":"https:\/\/gtcmotor.be\/index.php\/wp-json\/wp\/v2\/types\/page"}],"author":[{"embeddable":true,"href":"https:\/\/gtcmotor.be\/index.php\/wp-json\/wp\/v2\/users\/1"}],"replies":[{"embeddable":true,"href":"https:\/\/gtcmotor.be\/index.php\/wp-json\/wp\/v2\/comments?post=18"}],"version-history":[{"count":17,"href":"https:\/\/gtcmotor.be\/index.php\/wp-json\/wp\/v2\/pages\/18\/revisions"}],"predecessor-version":[{"id":524,"href":"https:\/\/gtcmotor.be\/index.php\/wp-json\/wp\/v2\/pages\/18\/revisions\/524"}],"wp:attachment":[{"href":"https:\/\/gtcmotor.be\/index.php\/wp-json\/wp\/v2\/media?parent=18"}],"curies":[{"name":"wp","href":"https:\/\/api.w.org\/{rel}","templated":true}]}}