{"id":189,"date":"2023-04-25T09:18:31","date_gmt":"2023-04-25T09:18:31","guid":{"rendered":"https:\/\/gtcmotor.be\/?page_id=189"},"modified":"2023-05-12T08:58:15","modified_gmt":"2023-05-12T08:58:15","slug":"electronique","status":"publish","type":"page","link":"https:\/\/gtcmotor.be\/index.php\/electronique\/","title":{"rendered":"Electronique"},"content":{"rendered":"<p>[et_pb_section fb_built=\u00a0\u00bb1&Prime; _builder_version=\u00a0\u00bb4.21.0&Prime; _module_preset=\u00a0\u00bbdefault\u00a0\u00bb background_image=\u00a0\u00bbhttps:\/\/gtcmotor.be\/wp-content\/uploads\/2023\/04\/electro-mecanique-scaled.jpg\u00a0\u00bb custom_padding=\u00a0\u00bb0px|||||\u00a0\u00bb hover_enabled=\u00a0\u00bb0&Prime; global_colors_info=\u00a0\u00bb{}\u00a0\u00bb theme_builder_area=\u00a0\u00bbpost_content\u00a0\u00bb title_text=\u00a0\u00bbelectro-mecanique\u00a0\u00bb sticky_enabled=\u00a0\u00bb0&Prime;][et_pb_row make_equal=\u00a0\u00bbon\u00a0\u00bb _builder_version=\u00a0\u00bb4.20.4&Prime; _module_preset=\u00a0\u00bbdefault\u00a0\u00bb width=\u00a0\u00bb100%\u00a0\u00bb max_width=\u00a0\u00bb100%\u00a0\u00bb custom_padding=\u00a0\u00bb0px||0px|||\u00a0\u00bb global_colors_info=\u00a0\u00bb{}\u00a0\u00bb theme_builder_area=\u00a0\u00bbpost_content\u00a0\u00bb][et_pb_column type=\u00a0\u00bb4_4&Prime; _builder_version=\u00a0\u00bb4.20.4&Prime; _module_preset=\u00a0\u00bbdefault\u00a0\u00bb global_colors_info=\u00a0\u00bb{}\u00a0\u00bb theme_builder_area=\u00a0\u00bbpost_content\u00a0\u00bb][et_pb_text _builder_version=\u00a0\u00bb4.20.4&Prime; _module_preset=\u00a0\u00bbdefault\u00a0\u00bb text_orientation=\u00a0\u00bbcenter\u00a0\u00bb background_layout=\u00a0\u00bbdark\u00a0\u00bb custom_padding=\u00a0\u00bb100px|5%|30px|5%|false|false\u00a0\u00bb global_colors_info=\u00a0\u00bb{}\u00a0\u00bb theme_builder_area=\u00a0\u00bbpost_content\u00a0\u00bb]<\/p>\n<h1>Electronique voiture<\/h1>\n<p>Votre garagiste GTC Motor \u00e0 Jumet<\/p>\n<p>&nbsp;<\/p>\n<p>[\/et_pb_text][\/et_pb_column][\/et_pb_row][\/et_pb_section][et_pb_section fb_built=\u00a0\u00bb1&Prime; _builder_version=\u00a0\u00bb4.20.4&Prime; _module_preset=\u00a0\u00bbdefault\u00a0\u00bb custom_padding=\u00a0\u00bb0px||0px|||\u00a0\u00bb global_colors_info=\u00a0\u00bb{}\u00a0\u00bb theme_builder_area=\u00a0\u00bbpost_content\u00a0\u00bb][et_pb_row column_structure=\u00a0\u00bb1_3,2_3&Prime; use_custom_gutter=\u00a0\u00bbon\u00a0\u00bb gutter_width=\u00a0\u00bb2&Prime; make_equal=\u00a0\u00bbon\u00a0\u00bb _builder_version=\u00a0\u00bb4.20.4&Prime; _module_preset=\u00a0\u00bbdefault\u00a0\u00bb global_colors_info=\u00a0\u00bb{}\u00a0\u00bb theme_builder_area=\u00a0\u00bbpost_content\u00a0\u00bb][et_pb_column type=\u00a0\u00bb1_3&Prime; _builder_version=\u00a0\u00bb4.20.4&Prime; _module_preset=\u00a0\u00bbdefault\u00a0\u00bb global_colors_info=\u00a0\u00bb{}\u00a0\u00bb theme_builder_area=\u00a0\u00bbpost_content\u00a0\u00bb][et_pb_image src=\u00a0\u00bbhttps:\/\/gtcmotor.be\/wp-content\/uploads\/2023\/04\/47285164_2312771525618775_94225590994862080_n.jpg\u00a0\u00bb alt=\u00a0\u00bbr\u00e9vision controle technique charleroi gtc motor\u00a0\u00bb title_text=\u00a0\u00bb47285164_2312771525618775_94225590994862080_n\u00a0\u00bb align=\u00a0\u00bbcenter\u00a0\u00bb _builder_version=\u00a0\u00bb4.21.0&Prime; _module_preset=\u00a0\u00bbdefault\u00a0\u00bb hover_enabled=\u00a0\u00bb0&Prime; global_colors_info=\u00a0\u00bb{}\u00a0\u00bb theme_builder_area=\u00a0\u00bbpost_content\u00a0\u00bb sticky_enabled=\u00a0\u00bb0&Prime;][\/et_pb_image][\/et_pb_column][et_pb_column type=\u00a0\u00bb2_3&Prime; _builder_version=\u00a0\u00bb4.20.4&Prime; _module_preset=\u00a0\u00bbdefault\u00a0\u00bb global_colors_info=\u00a0\u00bb{}\u00a0\u00bb theme_builder_area=\u00a0\u00bbpost_content\u00a0\u00bb][et_pb_text _builder_version=\u00a0\u00bb4.20.4&Prime; _module_preset=\u00a0\u00bbdefault\u00a0\u00bb global_colors_info=\u00a0\u00bb{}\u00a0\u00bb theme_builder_area=\u00a0\u00bbpost_content\u00a0\u00bb]<\/p>\n<h2><strong>Contr\u00f4le \u00e9lectro-m\u00e9canique<\/strong><\/h2>\n<p><span>Si vous remarquez des d\u00e9fauts lors de l&rsquo;utilisation de votre voiture, comme des bruits suspects ou des voyants allum\u00e9s sur votre tableau de bord, il est essentiel de la r\u00e9parer rapidement pour \u00e9viter toute panne impr\u00e9vue sur la route.<\/span><\/p>\n<p><span>Nous vous encourageons \u00e0 faire r\u00e9parer votre voiture d\u00e8s que vous remarquez les premiers signes d&rsquo;alerte.<\/span><\/p>\n<p><span>Dans notre garage, notre \u00e9quipe de professionnels est en mesure d&rsquo;effectuer un diagnostic complet de votre voiture pour identifier rapidement la source de tout probl\u00e8me m\u00e9canique.<\/span><\/p>\n<p><span>Nous sommes transparents dans notre travail et vous informons de toutes les r\u00e9parations \u00e0 effectuer.<\/span><\/p>\n<ul>\n<li class=\"text-align-justify\"><span>Probl\u00e8me d&rsquo;allumage<\/span><\/li>\n<li class=\"text-align-justify\">Remplacement d&rsquo;amortisseur<\/li>\n<li class=\"text-align-justify\">Probl\u00e8me d&rsquo;alternateur<\/li>\n<li class=\"text-align-justify\">Probl\u00e8me avec bo\u00eete de vitesse<\/li>\n<li class=\"text-align-justify\">Changer le carburateur<\/li>\n<li class=\"text-align-justify\">Remplacement des filtres de tous genres<\/li>\n<li class=\"text-align-justify\">Probl\u00e8me de d\u00e9marreur<\/li>\n<li class=\"text-align-justify\">Remplacement plaquettes de freins\u2026<\/li>\n<\/ul>\n<div id=\"ai-templates-output\">Il est crucial de maintenir votre voiture en bon \u00e9tat pour garantir votre s\u00e9curit\u00e9 et celle de vos proches sur la route, il est pr\u00e9f\u00e9rable de ne pas attendre une situation d&rsquo;urgence pour confier votre v\u00e9hicule \u00e0 notre garage automobile.<\/div>\n<div><\/div>\n<div>Nous disposons d&rsquo;un \u00e9quipement de haute qualit\u00e9 et sommes capables de prendre en charge l&rsquo;entretien, la r\u00e9vision et la r\u00e9paration de votre voiture, quelle que soit sa marque.<\/div>\n<p><span><\/span><\/p>\n<p>&nbsp;<\/p>\n<div class=\"text-center\"><\/div>\n<p>[\/et_pb_text][et_pb_button button_url=\u00a0\u00bbtel:003271528545&Prime; button_text=\u00a0\u00bb071 52 85 45&Prime; button_alignment=\u00a0\u00bbcenter\u00a0\u00bb _builder_version=\u00a0\u00bb4.20.4&Prime; _module_preset=\u00a0\u00bbdefault\u00a0\u00bb custom_button=\u00a0\u00bbon\u00a0\u00bb button_text_color=\u00a0\u00bb#FFFFFF\u00a0\u00bb button_bg_color=\u00a0\u00bb#E02B20&Prime; button_border_width=\u00a0\u00bb0px\u00a0\u00bb button_border_radius=\u00a0\u00bb30px\u00a0\u00bb button_icon=\u00a0\u00bb&#xf3cd;||fa||900&Prime; global_colors_info=\u00a0\u00bb{}\u00a0\u00bb theme_builder_area=\u00a0\u00bbpost_content\u00a0\u00bb][\/et_pb_button][\/et_pb_column][\/et_pb_row][\/et_pb_section]<\/p>\n","protected":false},"excerpt":{"rendered":"<p>Electronique voiture Votre garagiste GTC Motor \u00e0 Jumet &nbsp;Contr\u00f4le \u00e9lectro-m\u00e9canique Si vous remarquez des d\u00e9fauts lors de l&rsquo;utilisation de votre voiture, comme des bruits suspects ou des voyants allum\u00e9s sur votre tableau de bord, il est essentiel de la r\u00e9parer rapidement pour \u00e9viter toute panne impr\u00e9vue sur la route. Nous vous encourageons \u00e0 faire r\u00e9parer [&hellip;]<\/p>\n","protected":false},"author":1,"featured_media":0,"parent":0,"menu_order":0,"comment_status":"closed","ping_status":"closed","template":"","meta":{"_et_pb_use_builder":"on","_et_pb_old_content":"<!-- wp:divi\/placeholder \/-->","_et_gb_content_width":"","footnotes":""},"class_list":["post-189","page","type-page","status-publish","hentry"],"_links":{"self":[{"href":"https:\/\/gtcmotor.be\/index.php\/wp-json\/wp\/v2\/pages\/189","targetHints":{"allow":["GET"]}}],"collection":[{"href":"https:\/\/gtcmotor.be\/index.php\/wp-json\/wp\/v2\/pages"}],"about":[{"href":"https:\/\/gtcmotor.be\/index.php\/wp-json\/wp\/v2\/types\/page"}],"author":[{"embeddable":true,"href":"https:\/\/gtcmotor.be\/index.php\/wp-json\/wp\/v2\/users\/1"}],"replies":[{"embeddable":true,"href":"https:\/\/gtcmotor.be\/index.php\/wp-json\/wp\/v2\/comments?post=189"}],"version-history":[{"count":5,"href":"https:\/\/gtcmotor.be\/index.php\/wp-json\/wp\/v2\/pages\/189\/revisions"}],"predecessor-version":[{"id":224,"href":"https:\/\/gtcmotor.be\/index.php\/wp-json\/wp\/v2\/pages\/189\/revisions\/224"}],"wp:attachment":[{"href":"https:\/\/gtcmotor.be\/index.php\/wp-json\/wp\/v2\/media?parent=189"}],"curies":[{"name":"wp","href":"https:\/\/api.w.org\/{rel}","templated":true}]}}