{"id":195,"date":"2023-04-25T09:19:54","date_gmt":"2023-04-25T09:19:54","guid":{"rendered":"https:\/\/gtcmotor.be\/?page_id=195"},"modified":"2025-09-26T07:33:05","modified_gmt":"2025-09-26T07:33:05","slug":"carrosserie","status":"publish","type":"page","link":"https:\/\/gtcmotor.be\/index.php\/carrosserie\/","title":{"rendered":"Entretien de boite automatique"},"content":{"rendered":"<p>[et_pb_section fb_built=\u00a0\u00bb1&Prime; _builder_version=\u00a0\u00bb4.21.0&Prime; _module_preset=\u00a0\u00bbdefault\u00a0\u00bb background_image=\u00a0\u00bbhttps:\/\/gtcmotor.be\/wp-content\/uploads\/2023\/04\/banner-GTC-apres-controle-technique-scaled.jpg\u00a0\u00bb custom_padding=\u00a0\u00bb0px|||||\u00a0\u00bb global_colors_info=\u00a0\u00bb{}\u00a0\u00bb][et_pb_row make_equal=\u00a0\u00bbon\u00a0\u00bb _builder_version=\u00a0\u00bb4.20.4&Prime; _module_preset=\u00a0\u00bbdefault\u00a0\u00bb width=\u00a0\u00bb100%\u00a0\u00bb max_width=\u00a0\u00bb100%\u00a0\u00bb custom_padding=\u00a0\u00bb0px||0px|||\u00a0\u00bb global_colors_info=\u00a0\u00bb{}\u00a0\u00bb][et_pb_column type=\u00a0\u00bb4_4&Prime; _builder_version=\u00a0\u00bb4.20.4&Prime; _module_preset=\u00a0\u00bbdefault\u00a0\u00bb global_colors_info=\u00a0\u00bb{}\u00a0\u00bb][et_pb_text _builder_version=\u00a0\u00bb4.20.4&Prime; _module_preset=\u00a0\u00bbdefault\u00a0\u00bb text_orientation=\u00a0\u00bbcenter\u00a0\u00bb background_layout=\u00a0\u00bbdark\u00a0\u00bb custom_padding=\u00a0\u00bb100px|5%|30px|5%|false|false\u00a0\u00bb global_colors_info=\u00a0\u00bb{}\u00a0\u00bb]<\/p>\n<h1>Entretien de boite automatique<\/h1>\n<p>Un service complet !<\/p>\n<p>&nbsp;<\/p>\n<p>[\/et_pb_text][\/et_pb_column][\/et_pb_row][\/et_pb_section][et_pb_section fb_built=\u00a0\u00bb1&Prime; _builder_version=\u00a0\u00bb4.20.4&Prime; _module_preset=\u00a0\u00bbdefault\u00a0\u00bb custom_padding=\u00a0\u00bb0px||0px|||\u00a0\u00bb global_colors_info=\u00a0\u00bb{}\u00a0\u00bb][et_pb_row column_structure=\u00a0\u00bb1_3,2_3&Prime; use_custom_gutter=\u00a0\u00bbon\u00a0\u00bb gutter_width=\u00a0\u00bb2&Prime; make_equal=\u00a0\u00bbon\u00a0\u00bb _builder_version=\u00a0\u00bb4.20.4&Prime; _module_preset=\u00a0\u00bbdefault\u00a0\u00bb global_colors_info=\u00a0\u00bb{}\u00a0\u00bb][et_pb_column type=\u00a0\u00bb1_3&Prime; _builder_version=\u00a0\u00bb4.20.4&Prime; _module_preset=\u00a0\u00bbdefault\u00a0\u00bb global_colors_info=\u00a0\u00bb{}\u00a0\u00bb][et_pb_image src=\u00a0\u00bbhttps:\/\/gtcmotor.be\/wp-content\/uploads\/2025\/09\/Bardahl-ok-.jpg\u00a0\u00bb _builder_version=\u00a0\u00bb4.27.4&Prime; _module_preset=\u00a0\u00bbdefault\u00a0\u00bb title_text=\u00a0\u00bbBardahl-ok-\u00a0\u00bb hover_enabled=\u00a0\u00bb0&Prime; sticky_enabled=\u00a0\u00bb0&Prime;][\/et_pb_image][\/et_pb_column][et_pb_column type=\u00a0\u00bb2_3&Prime; _builder_version=\u00a0\u00bb4.20.4&Prime; _module_preset=\u00a0\u00bbdefault\u00a0\u00bb global_colors_info=\u00a0\u00bb{}\u00a0\u00bb][et_pb_text _builder_version=\u00a0\u00bb4.21.0&Prime; _module_preset=\u00a0\u00bbdefault\u00a0\u00bb global_colors_info=\u00a0\u00bb{}\u00a0\u00bb]<\/p>\n<div class=\"row\">\n<div class=\"col-12 d-md-flex justify-content-between\">\n<h1 class=\"text-4xl font-bold lg:text-6xl\">La vidange de votre bo\u00eete auto est tout aussi indispensable<\/h1>\n<p class=\"mt-2 text-lg font-medium lg:mt-4 lg:text-3xl opacity-80\">Tous les 60.000km ou tous les 2 ans.<\/p>\n<p><span><\/span><\/p>\n<p>\u00a0<strong>Sans sympt\u00f4mes :<\/strong><span>\u00a0<\/span>\u00a0<\/p>\n<ul>\n<li>\u00a0<strong>Les constructeurs de boites pr\u00e9conisent une vidange tous les 60.000 km.<\/strong><span>\u00a0<\/span>(Veuillez vous r\u00e9f\u00e9rer imp\u00e9rativement au manuel d\u2019entretien constructeur pour connaitre l\u2019intervalle exact pour votre voiture)\u00a0<\/li>\n<li>\u00a0<strong>Vous roulez en ville, la boite est davantage sollicit\u00e9e et nous vous conseillons de vidanger votre boite tous les deux ans.<\/strong><\/li>\n<\/ul>\n<p><span>\u00a0<\/span><strong>Avec sympt\u00f4mes<\/strong><span>, voici ceux qui doivent vous alerter avant l\u2019intervalle pr\u00e9vu : \u00a0<\/span><\/p>\n<ul>\n<li>\u00a0<strong>Perte de r\u00e9activit\u00e9 de la boite<\/strong><span>\u00a0<\/span>: le changement de rapport est plus lent que celui constat\u00e9 habituellement\u00a0<\/li>\n<li><strong>Bruits de grincement<\/strong><span>\u00a0<\/span>au changement de rapport<\/li>\n<li>\u00a0<strong>Claquement, \u00e0-coup<\/strong><span>\u00a0<\/span>: le v\u00e9hicule peut effectuer un bond (avant ou arri\u00e8re) sans que vous n\u2019ayez appuy\u00e9 sur l\u2019acc\u00e9l\u00e9rateur\u00a0<\/li>\n<li>\u00a0<strong>Glissement &amp; Patinage entre les rapports<\/strong>\u00a0<\/li>\n<\/ul>\n<p>&nbsp;<\/p>\n<p>&nbsp;<\/p>\n<\/div>\n<\/div>\n<p>[\/et_pb_text][et_pb_button button_url=\u00a0\u00bbtel:003271528545&Prime; button_text=\u00a0\u00bb071 52 85 45&Prime; button_alignment=\u00a0\u00bbcenter\u00a0\u00bb _builder_version=\u00a0\u00bb4.20.4&Prime; _module_preset=\u00a0\u00bbdefault\u00a0\u00bb custom_button=\u00a0\u00bbon\u00a0\u00bb button_text_color=\u00a0\u00bb#FFFFFF\u00a0\u00bb button_bg_color=\u00a0\u00bb#E02B20&Prime; button_border_width=\u00a0\u00bb0px\u00a0\u00bb button_border_radius=\u00a0\u00bb30px\u00a0\u00bb button_icon=\u00a0\u00bb&#xf3cd;||fa||900&Prime; global_colors_info=\u00a0\u00bb{}\u00a0\u00bb][\/et_pb_button][\/et_pb_column][\/et_pb_row][\/et_pb_section][et_pb_section fb_built=\u00a0\u00bb1&Prime; _builder_version=\u00a0\u00bb4.21.0&Prime; _module_preset=\u00a0\u00bbdefault\u00a0\u00bb global_colors_info=\u00a0\u00bb{}\u00a0\u00bb][et_pb_row column_structure=\u00a0\u00bb1_4,1_4,1_4,1_4&Prime; _builder_version=\u00a0\u00bb4.21.0&Prime; _module_preset=\u00a0\u00bbdefault\u00a0\u00bb global_colors_info=\u00a0\u00bb{}\u00a0\u00bb][et_pb_column type=\u00a0\u00bb1_4&Prime; _builder_version=\u00a0\u00bb4.21.0&Prime; _module_preset=\u00a0\u00bbdefault\u00a0\u00bb global_colors_info=\u00a0\u00bb{}\u00a0\u00bb][et_pb_image src=\u00a0\u00bbhttps:\/\/gtcmotor.be\/wp-content\/uploads\/2025\/09\/freins-embrayages-bva.jpg\u00a0\u00bb _builder_version=\u00a0\u00bb4.27.4&Prime; _module_preset=\u00a0\u00bbdefault\u00a0\u00bb title_text=\u00a0\u00bbfreins-embrayages-bva\u00a0\u00bb hover_enabled=\u00a0\u00bb0&Prime; sticky_enabled=\u00a0\u00bb0&Prime;][\/et_pb_image][\/et_pb_column][et_pb_column type=\u00a0\u00bb1_4&Prime; _builder_version=\u00a0\u00bb4.21.0&Prime; _module_preset=\u00a0\u00bbdefault\u00a0\u00bb global_colors_info=\u00a0\u00bb{}\u00a0\u00bb][et_pb_image src=\u00a0\u00bbhttps:\/\/gtcmotor.be\/wp-content\/uploads\/2025\/09\/642ec4f685af6be2a9e797e1_d86e446c81b2833b4c95ba9e374f883f5c535d7c_levier-vitesse-voiture-automatique.jpeg\u00a0\u00bb _builder_version=\u00a0\u00bb4.27.4&Prime; _module_preset=\u00a0\u00bbdefault\u00a0\u00bb title_text=\u00a0\u00bb642ec4f685af6be2a9e797e1_d86e446c81b2833b4c95ba9e374f883f5c535d7c_levier-vitesse-voiture-automatique\u00a0\u00bb hover_enabled=\u00a0\u00bb0&Prime; sticky_enabled=\u00a0\u00bb0&Prime;][\/et_pb_image][\/et_pb_column][et_pb_column type=\u00a0\u00bb1_4&Prime; _builder_version=\u00a0\u00bb4.21.0&Prime; _module_preset=\u00a0\u00bbdefault\u00a0\u00bb global_colors_info=\u00a0\u00bb{}\u00a0\u00bb][et_pb_image src=\u00a0\u00bbhttps:\/\/gtcmotor.be\/wp-content\/uploads\/2025\/09\/1200px-Lexus_IS_F_08.jpeg\u00a0\u00bb _builder_version=\u00a0\u00bb4.27.4&Prime; _module_preset=\u00a0\u00bbdefault\u00a0\u00bb title_text=\u00a0\u00bb1200px-Lexus_IS_F_08&Prime; hover_enabled=\u00a0\u00bb0&Prime; sticky_enabled=\u00a0\u00bb0&Prime;][\/et_pb_image][\/et_pb_column][et_pb_column type=\u00a0\u00bb1_4&Prime; _builder_version=\u00a0\u00bb4.21.0&Prime; _module_preset=\u00a0\u00bbdefault\u00a0\u00bb global_colors_info=\u00a0\u00bb{}\u00a0\u00bb][et_pb_image src=\u00a0\u00bbhttps:\/\/gtcmotor.be\/wp-content\/uploads\/2025\/09\/produit-boite-mecanique.png.webp\u00a0\u00bb _builder_version=\u00a0\u00bb4.27.4&Prime; _module_preset=\u00a0\u00bbdefault\u00a0\u00bb title_text=\u00a0\u00bbproduit-boite-mecanique.png\u00a0\u00bb hover_enabled=\u00a0\u00bb0&Prime; sticky_enabled=\u00a0\u00bb0&Prime;][\/et_pb_image][\/et_pb_column][\/et_pb_row][\/et_pb_section]<\/p>\n","protected":false},"excerpt":{"rendered":"<p>Entretien de boite automatique Un service complet ! &nbsp; La vidange de votre bo\u00eete auto est tout aussi indispensable Tous les 60.000km ou tous les 2 ans. \u00a0Sans sympt\u00f4mes :\u00a0\u00a0 \u00a0Les constructeurs de boites pr\u00e9conisent une vidange tous les 60.000 km.\u00a0(Veuillez vous r\u00e9f\u00e9rer imp\u00e9rativement au manuel d\u2019entretien constructeur pour connaitre l\u2019intervalle exact pour votre voiture)\u00a0 [&hellip;]<\/p>\n","protected":false},"author":1,"featured_media":0,"parent":0,"menu_order":0,"comment_status":"closed","ping_status":"closed","template":"","meta":{"_et_pb_use_builder":"on","_et_pb_old_content":"<!-- wp:divi\/placeholder \/-->","_et_gb_content_width":"","footnotes":""},"class_list":["post-195","page","type-page","status-publish","hentry"],"_links":{"self":[{"href":"https:\/\/gtcmotor.be\/index.php\/wp-json\/wp\/v2\/pages\/195","targetHints":{"allow":["GET"]}}],"collection":[{"href":"https:\/\/gtcmotor.be\/index.php\/wp-json\/wp\/v2\/pages"}],"about":[{"href":"https:\/\/gtcmotor.be\/index.php\/wp-json\/wp\/v2\/types\/page"}],"author":[{"embeddable":true,"href":"https:\/\/gtcmotor.be\/index.php\/wp-json\/wp\/v2\/users\/1"}],"replies":[{"embeddable":true,"href":"https:\/\/gtcmotor.be\/index.php\/wp-json\/wp\/v2\/comments?post=195"}],"version-history":[{"count":13,"href":"https:\/\/gtcmotor.be\/index.php\/wp-json\/wp\/v2\/pages\/195\/revisions"}],"predecessor-version":[{"id":517,"href":"https:\/\/gtcmotor.be\/index.php\/wp-json\/wp\/v2\/pages\/195\/revisions\/517"}],"wp:attachment":[{"href":"https:\/\/gtcmotor.be\/index.php\/wp-json\/wp\/v2\/media?parent=195"}],"curies":[{"name":"wp","href":"https:\/\/api.w.org\/{rel}","templated":true}]}}