{"id":20,"date":"2023-04-20T20:44:30","date_gmt":"2023-04-20T20:44:30","guid":{"rendered":"https:\/\/gtcmotor.be\/?page_id=20"},"modified":"2024-03-15T15:39:54","modified_gmt":"2024-03-15T15:39:54","slug":"reparation-mecanique","status":"publish","type":"page","link":"https:\/\/gtcmotor.be\/index.php\/reparation-mecanique\/","title":{"rendered":"R\u00e9paration m\u00e9canique"},"content":{"rendered":"<p>[et_pb_section fb_built=\u00a0\u00bb1&Prime; _builder_version=\u00a0\u00bb4.20.4&Prime; _module_preset=\u00a0\u00bbdefault\u00a0\u00bb background_image=\u00a0\u00bbhttps:\/\/gtcmotor.be\/wp-content\/uploads\/2023\/04\/banner-GTC-scaled.jpg\u00a0\u00bb custom_padding=\u00a0\u00bb0px|||||\u00a0\u00bb global_colors_info=\u00a0\u00bb{}\u00a0\u00bb][et_pb_row make_equal=\u00a0\u00bbon\u00a0\u00bb _builder_version=\u00a0\u00bb4.20.4&Prime; _module_preset=\u00a0\u00bbdefault\u00a0\u00bb width=\u00a0\u00bb100%\u00a0\u00bb max_width=\u00a0\u00bb100%\u00a0\u00bb custom_padding=\u00a0\u00bb0px||0px|||\u00a0\u00bb global_colors_info=\u00a0\u00bb{}\u00a0\u00bb][et_pb_column type=\u00a0\u00bb4_4&Prime; _builder_version=\u00a0\u00bb4.20.4&Prime; _module_preset=\u00a0\u00bbdefault\u00a0\u00bb global_colors_info=\u00a0\u00bb{}\u00a0\u00bb][et_pb_text _builder_version=\u00a0\u00bb4.20.4&Prime; _module_preset=\u00a0\u00bbdefault\u00a0\u00bb text_orientation=\u00a0\u00bbcenter\u00a0\u00bb background_layout=\u00a0\u00bbdark\u00a0\u00bb custom_padding=\u00a0\u00bb100px|4.9%|30px|5%|false|false\u00a0\u00bb global_colors_info=\u00a0\u00bb{}\u00a0\u00bb]<\/p>\n<h1>Une panne pas de panique !<\/h1>\n<p>Votre garagiste GTC Motor, vas r\u00e9soudre votre souci en un tour de clef<\/p>\n<p>&nbsp;<\/p>\n<p>[\/et_pb_text][\/et_pb_column][\/et_pb_row][\/et_pb_section][et_pb_section fb_built=\u00a0\u00bb1&Prime; _builder_version=\u00a0\u00bb4.20.4&Prime; _module_preset=\u00a0\u00bbdefault\u00a0\u00bb custom_padding=\u00a0\u00bb0px||0px|||\u00a0\u00bb global_colors_info=\u00a0\u00bb{}\u00a0\u00bb][et_pb_row column_structure=\u00a0\u00bb1_3,2_3&Prime; use_custom_gutter=\u00a0\u00bbon\u00a0\u00bb gutter_width=\u00a0\u00bb2&Prime; make_equal=\u00a0\u00bbon\u00a0\u00bb _builder_version=\u00a0\u00bb4.20.4&Prime; _module_preset=\u00a0\u00bbdefault\u00a0\u00bb global_colors_info=\u00a0\u00bb{}\u00a0\u00bb][et_pb_column type=\u00a0\u00bb1_3&Prime; _builder_version=\u00a0\u00bb4.20.4&Prime; _module_preset=\u00a0\u00bbdefault\u00a0\u00bb global_colors_info=\u00a0\u00bb{}\u00a0\u00bb][et_pb_image src=\u00a0\u00bbhttps:\/\/gtcmotor.be\/wp-content\/uploads\/2024\/03\/IMG_1516-scaled.jpg\u00a0\u00bb _builder_version=\u00a0\u00bb4.21.0&Prime; _module_preset=\u00a0\u00bbdefault\u00a0\u00bb title_text=\u00a0\u00bbIMG_1516&Prime; hover_enabled=\u00a0\u00bb0&Prime; sticky_enabled=\u00a0\u00bb0&Prime;][\/et_pb_image][\/et_pb_column][et_pb_column type=\u00a0\u00bb2_3&Prime; _builder_version=\u00a0\u00bb4.20.4&Prime; _module_preset=\u00a0\u00bbdefault\u00a0\u00bb global_colors_info=\u00a0\u00bb{}\u00a0\u00bb][et_pb_text _builder_version=\u00a0\u00bb4.20.4&Prime; _module_preset=\u00a0\u00bbdefault\u00a0\u00bb global_colors_info=\u00a0\u00bb{}\u00a0\u00bb]<\/p>\n<h2><strong>R\u00e9paration de votre panne de v\u00e9hicule chez GTC Motor<\/strong><\/h2>\n<p><span>Diagnostiquer et entretenir tout type de v\u00e9hicule, c&rsquo;est simple comme bonjour pour notre \u00e9quipe, cependant, nous pouvons \u00e9galement r\u00e9soudre vos soucis m\u00e9canique ou \u00e9lectro-m\u00e9canique en un tour de clef. Notre garage offre des services de qualit\u00e9 sup\u00e9rieure pour les r\u00e9parations automobiles, qu&rsquo;elles soient petites ou grandes :<\/span><\/p>\n<ul>\n<li>Probl\u00e8me \/ remplacement de vos amortisseurs<\/li>\n<li>Culasses, remplacement, c&rsquo;est simple pour notre \u00e9quipe&#8230;<\/li>\n<li>Bo\u00eetes de vitesses<\/li>\n<li>Embrayages, bruit ? pas de souci<\/li>\n<li>Probl\u00e8me bloc moteur<\/li>\n<li>Courroies de distribution<\/li>\n<li>Climatisation<\/li>\n<li>Suspensions<\/li>\n<li>Injecteurs &#8230;<span><\/span><\/li>\n<\/ul>\n<p>Nous sommes des experts en m\u00e9canique automobile et sommes en mesure d&rsquo;effectuer toutes les r\u00e9parations n\u00e9cessaires sur votre v\u00e9hicule, peu importe sa marque ou son mod\u00e8le. Avec notre expertise et notre exp\u00e9rience, nous sommes en mesure d&rsquo;entretenir et de r\u00e9parer votre voiture en cas de probl\u00e8mes de toutes sortes.<\/p>\n<div class=\"text-center\"><\/div>\n<p>[\/et_pb_text][et_pb_button button_url=\u00a0\u00bbtel:003271528545&Prime; button_text=\u00a0\u00bb071 52 85 45&Prime; button_alignment=\u00a0\u00bbcenter\u00a0\u00bb _builder_version=\u00a0\u00bb4.20.4&Prime; _module_preset=\u00a0\u00bbdefault\u00a0\u00bb custom_button=\u00a0\u00bbon\u00a0\u00bb button_text_color=\u00a0\u00bb#FFFFFF\u00a0\u00bb button_bg_color=\u00a0\u00bb#E02B20&Prime; button_border_width=\u00a0\u00bb0px\u00a0\u00bb button_border_radius=\u00a0\u00bb30px\u00a0\u00bb button_icon=\u00a0\u00bb&#xf3cd;||fa||900&Prime; global_colors_info=\u00a0\u00bb{}\u00a0\u00bb][\/et_pb_button][\/et_pb_column][\/et_pb_row][\/et_pb_section]<\/p>\n","protected":false},"excerpt":{"rendered":"<p>Une panne pas de panique ! Votre garagiste GTC Motor, vas r\u00e9soudre votre souci en un tour de clef &nbsp;R\u00e9paration de votre panne de v\u00e9hicule chez GTC Motor Diagnostiquer et entretenir tout type de v\u00e9hicule, c&rsquo;est simple comme bonjour pour notre \u00e9quipe, cependant, nous pouvons \u00e9galement r\u00e9soudre vos soucis m\u00e9canique ou \u00e9lectro-m\u00e9canique en un tour [&hellip;]<\/p>\n","protected":false},"author":1,"featured_media":0,"parent":0,"menu_order":0,"comment_status":"closed","ping_status":"closed","template":"","meta":{"_et_pb_use_builder":"on","_et_pb_old_content":"","_et_gb_content_width":"","footnotes":""},"class_list":["post-20","page","type-page","status-publish","hentry"],"_links":{"self":[{"href":"https:\/\/gtcmotor.be\/index.php\/wp-json\/wp\/v2\/pages\/20","targetHints":{"allow":["GET"]}}],"collection":[{"href":"https:\/\/gtcmotor.be\/index.php\/wp-json\/wp\/v2\/pages"}],"about":[{"href":"https:\/\/gtcmotor.be\/index.php\/wp-json\/wp\/v2\/types\/page"}],"author":[{"embeddable":true,"href":"https:\/\/gtcmotor.be\/index.php\/wp-json\/wp\/v2\/users\/1"}],"replies":[{"embeddable":true,"href":"https:\/\/gtcmotor.be\/index.php\/wp-json\/wp\/v2\/comments?post=20"}],"version-history":[{"count":7,"href":"https:\/\/gtcmotor.be\/index.php\/wp-json\/wp\/v2\/pages\/20\/revisions"}],"predecessor-version":[{"id":419,"href":"https:\/\/gtcmotor.be\/index.php\/wp-json\/wp\/v2\/pages\/20\/revisions\/419"}],"wp:attachment":[{"href":"https:\/\/gtcmotor.be\/index.php\/wp-json\/wp\/v2\/media?parent=20"}],"curies":[{"name":"wp","href":"https:\/\/api.w.org\/{rel}","templated":true}]}}