{"id":26,"date":"2023-04-20T20:46:44","date_gmt":"2023-04-20T20:46:44","guid":{"rendered":"https:\/\/gtcmotor.be\/?page_id=26"},"modified":"2025-10-20T14:13:01","modified_gmt":"2025-10-20T14:13:01","slug":"revision","status":"publish","type":"page","link":"https:\/\/gtcmotor.be\/index.php\/revision\/","title":{"rendered":"R\u00e9vision contr\u00f4le technique"},"content":{"rendered":"<p>[et_pb_section fb_built=\u00a0\u00bb1&Prime; _builder_version=\u00a0\u00bb4.20.4&Prime; _module_preset=\u00a0\u00bbdefault\u00a0\u00bb background_image=\u00a0\u00bbhttps:\/\/gtcmotor.be\/wp-content\/uploads\/2023\/04\/banner-GTC-avant-controle-technique-scaled.jpg\u00a0\u00bb custom_padding=\u00a0\u00bb0px|||||\u00a0\u00bb hover_enabled=\u00a0\u00bb0&Prime; global_colors_info=\u00a0\u00bb{}\u00a0\u00bb sticky_enabled=\u00a0\u00bb0&Prime;][et_pb_row make_equal=\u00a0\u00bbon\u00a0\u00bb _builder_version=\u00a0\u00bb4.20.4&Prime; _module_preset=\u00a0\u00bbdefault\u00a0\u00bb width=\u00a0\u00bb100%\u00a0\u00bb max_width=\u00a0\u00bb100%\u00a0\u00bb custom_padding=\u00a0\u00bb0px||0px|||\u00a0\u00bb global_colors_info=\u00a0\u00bb{}\u00a0\u00bb][et_pb_column type=\u00a0\u00bb4_4&Prime; _builder_version=\u00a0\u00bb4.20.4&Prime; _module_preset=\u00a0\u00bbdefault\u00a0\u00bb global_colors_info=\u00a0\u00bb{}\u00a0\u00bb][et_pb_text _builder_version=\u00a0\u00bb4.27.4&Prime; _module_preset=\u00a0\u00bbdefault\u00a0\u00bb text_orientation=\u00a0\u00bbcenter\u00a0\u00bb background_layout=\u00a0\u00bbdark\u00a0\u00bb custom_padding=\u00a0\u00bb100px|5%|30px|5%|false|false\u00a0\u00bb hover_enabled=\u00a0\u00bb0&Prime; global_colors_info=\u00a0\u00bb{}\u00a0\u00bb sticky_enabled=\u00a0\u00bb0&Prime;]<\/p>\n<h1>Service pr\u00e9paration contr\u00f4le technique &amp; controle \u00e9mission de fum\u00e9e &#8211; particules fines du filtre a particules<\/h1>\n<p>Vous devez passer votre v\u00e9hicule au contr\u00f4le technique prochainement ?<\/p>\n<p>&nbsp;<\/p>\n<p>[\/et_pb_text][\/et_pb_column][\/et_pb_row][\/et_pb_section][et_pb_section fb_built=\u00a0\u00bb1&Prime; _builder_version=\u00a0\u00bb4.20.4&Prime; _module_preset=\u00a0\u00bbdefault\u00a0\u00bb custom_padding=\u00a0\u00bb0px||0px|||\u00a0\u00bb global_colors_info=\u00a0\u00bb{}\u00a0\u00bb][et_pb_row column_structure=\u00a0\u00bb1_3,2_3&Prime; use_custom_gutter=\u00a0\u00bbon\u00a0\u00bb gutter_width=\u00a0\u00bb2&Prime; make_equal=\u00a0\u00bbon\u00a0\u00bb _builder_version=\u00a0\u00bb4.20.4&Prime; _module_preset=\u00a0\u00bbdefault\u00a0\u00bb global_colors_info=\u00a0\u00bb{}\u00a0\u00bb][et_pb_column type=\u00a0\u00bb1_3&Prime; _builder_version=\u00a0\u00bb4.20.4&Prime; _module_preset=\u00a0\u00bbdefault\u00a0\u00bb global_colors_info=\u00a0\u00bb{}\u00a0\u00bb][et_pb_image src=\u00a0\u00bbhttps:\/\/gtcmotor.be\/wp-content\/uploads\/2023\/04\/127959857_2927775184118403_6777052873500055177_n.jpg\u00a0\u00bb title_text=\u00a0\u00bb127959857_2927775184118403_6777052873500055177_n\u00a0\u00bb align=\u00a0\u00bbcenter\u00a0\u00bb _builder_version=\u00a0\u00bb4.20.4&Prime; _module_preset=\u00a0\u00bbdefault\u00a0\u00bb global_colors_info=\u00a0\u00bb{}\u00a0\u00bb][\/et_pb_image][\/et_pb_column][et_pb_column type=\u00a0\u00bb2_3&Prime; _builder_version=\u00a0\u00bb4.20.4&Prime; _module_preset=\u00a0\u00bbdefault\u00a0\u00bb global_colors_info=\u00a0\u00bb{}\u00a0\u00bb][et_pb_text _builder_version=\u00a0\u00bb4.20.4&Prime; _module_preset=\u00a0\u00bbdefault\u00a0\u00bb global_colors_info=\u00a0\u00bb{}\u00a0\u00bb]<\/p>\n<h2><strong>Pr\u00e9-contr\u00f4le technique<\/strong><\/h2>\n<p>Notre atelier de m\u00e9canique automobile vous assiste pour l&rsquo;inspection p\u00e9riodique obligatoire du contr\u00f4le technique, la v\u00e9rification pr\u00e9alable de votre v\u00e9hicule ou m\u00eame pour la visite de contre-expertise.<\/p>\n<p>Il est effectu\u00e9 par un centre de contr\u00f4le agr\u00e9\u00e9 et dure environ de 30 \u00e0 45 minutes, portant sur 133 points de contr\u00f4le et 613 d\u00e9fauts \u00e9ventuels, l&rsquo;objectif du contr\u00f4le technique est de rep\u00e9rer les \u00e9ventuels probl\u00e8mes techniques de la voiture pour assurer son bon \u00e9tat de marche.<\/p>\n<p><span>Le pr\u00e9-contr\u00f4le technique est une \u00e9tape similaire \u00e0 la v\u00e9rification technique r\u00e9glementaire. Son objectif est de d\u00e9tecter les anomalies potentielles de votre v\u00e9hicule qui pourraient entra\u00eener un probl\u00e8me majeur ou critique lors du contr\u00f4le technique.<\/span><br \/><span>Lors de cette visite, plusieurs points sont examin\u00e9s, tels que la lisibilit\u00e9 de votre plaque d&rsquo;immatriculation, la performance de votre syst\u00e8me de freinage, l&rsquo;efficacit\u00e9 de votre direction, l&rsquo;\u00e9tat de votre pare-brise, l&rsquo;\u00e9quilibrage de vos pneus, et bien d&rsquo;autres aspects encore<\/span><span>.<\/span><\/p>\n<p><span>Pour \u00e9viter toute contre-visite, il est pr\u00e9f\u00e9rable d&rsquo;effectuer un pr\u00e9-contr\u00f4le technique en amont de cette \u00e9valuation.<\/span><\/p>\n<p>Nous pouvons vous \u00e9viter la contre-visite au contr\u00f4le technique, prenez rendez-vous par t\u00e9l\u00e9phone\u00a0<span><\/span><\/p>\n<p><span><\/span><\/p>\n<p>[\/et_pb_text][et_pb_button button_url=\u00a0\u00bbtel:003271528545&Prime; button_text=\u00a0\u00bb071 52 85 45&Prime; button_alignment=\u00a0\u00bbcenter\u00a0\u00bb _builder_version=\u00a0\u00bb4.20.4&Prime; _module_preset=\u00a0\u00bbdefault\u00a0\u00bb custom_button=\u00a0\u00bbon\u00a0\u00bb button_text_color=\u00a0\u00bb#FFFFFF\u00a0\u00bb button_bg_color=\u00a0\u00bb#E02B20&Prime; button_border_width=\u00a0\u00bb0px\u00a0\u00bb button_border_radius=\u00a0\u00bb30px\u00a0\u00bb button_icon=\u00a0\u00bb&#xf3cd;||fa||900&Prime; global_colors_info=\u00a0\u00bb{}\u00a0\u00bb][\/et_pb_button][\/et_pb_column][\/et_pb_row][\/et_pb_section][et_pb_section fb_built=\u00a0\u00bb1&Prime; _builder_version=\u00a0\u00bb4.20.4&Prime; _module_preset=\u00a0\u00bbdefault\u00a0\u00bb background_image=\u00a0\u00bbhttps:\/\/gtcmotor.be\/wp-content\/uploads\/2023\/04\/banner-GTC-apres-controle-technique-scaled.jpg\u00a0\u00bb custom_padding=\u00a0\u00bb0px|||||\u00a0\u00bb global_colors_info=\u00a0\u00bb{}\u00a0\u00bb][et_pb_row make_equal=\u00a0\u00bbon\u00a0\u00bb _builder_version=\u00a0\u00bb4.20.4&Prime; _module_preset=\u00a0\u00bbdefault\u00a0\u00bb width=\u00a0\u00bb100%\u00a0\u00bb max_width=\u00a0\u00bb100%\u00a0\u00bb custom_padding=\u00a0\u00bb0px||0px|||\u00a0\u00bb global_colors_info=\u00a0\u00bb{}\u00a0\u00bb][et_pb_column type=\u00a0\u00bb4_4&Prime; _builder_version=\u00a0\u00bb4.20.4&Prime; _module_preset=\u00a0\u00bbdefault\u00a0\u00bb global_colors_info=\u00a0\u00bb{}\u00a0\u00bb][et_pb_text _builder_version=\u00a0\u00bb4.20.4&Prime; _module_preset=\u00a0\u00bbdefault\u00a0\u00bb text_orientation=\u00a0\u00bbcenter\u00a0\u00bb background_layout=\u00a0\u00bbdark\u00a0\u00bb custom_padding=\u00a0\u00bb100px|5%|30px|5%|false|false\u00a0\u00bb global_colors_info=\u00a0\u00bb{}\u00a0\u00bb]<\/p>\n<h1>Carte rouge pour votre v\u00e9hicule lors du contr\u00f4le ?<\/h1>\n<p>Pas de panique GTC Motor vas vous aidez !<\/p>\n<p>&nbsp;<\/p>\n<p>[\/et_pb_text][\/et_pb_column][\/et_pb_row][\/et_pb_section][et_pb_section fb_built=\u00a0\u00bb1&Prime; _builder_version=\u00a0\u00bb4.20.4&Prime; _module_preset=\u00a0\u00bbdefault\u00a0\u00bb global_colors_info=\u00a0\u00bb{}\u00a0\u00bb][et_pb_row column_structure=\u00a0\u00bb3_5,2_5&Prime; _builder_version=\u00a0\u00bb4.20.4&Prime; _module_preset=\u00a0\u00bbdefault\u00a0\u00bb global_colors_info=\u00a0\u00bb{}\u00a0\u00bb][et_pb_column type=\u00a0\u00bb3_5&Prime; _builder_version=\u00a0\u00bb4.20.4&Prime; _module_preset=\u00a0\u00bbdefault\u00a0\u00bb global_colors_info=\u00a0\u00bb{}\u00a0\u00bb][et_pb_text _builder_version=\u00a0\u00bb4.20.4&Prime; _module_preset=\u00a0\u00bbdefault\u00a0\u00bb global_colors_info=\u00a0\u00bb{}\u00a0\u00bb]<\/p>\n<h2><strong>Apr\u00e8s contr\u00f4le technique<\/strong><\/h2>\n<p><span><\/span><\/p>\n<p><span>\u00c0 la suite de cette v\u00e9rification obligatoire, une fiche mentionnant les d\u00e9faillances observ\u00e9es est remise au propri\u00e9taire et ces derni\u00e8res sont class\u00e9es en trois cat\u00e9gories :<\/span><\/p>\n<p><span>\u25cf D\u00e9faillances mineures<\/span><br \/><span>\u25cf D\u00e9faillances majeures<\/span><br \/><span>\u25cf D\u00e9faillances critiques<\/span><\/p>\n<p><span>Le certificat d&rsquo;immatriculation remis au propri\u00e9taire affiche un timbre portant :<\/span><\/p>\n<p><span>\u25cf La lettre A : pour un r\u00e9sultat favorable<\/span><br \/><span>\u25cf La lettre S : pour signaler la pr\u00e9sence de d\u00e9faillances majeures<\/span><br \/><span>\u25cf La lettre R : pour signaler la pr\u00e9sence de d\u00e9faillances critiques<\/span><\/p>\n<p><span>Le propri\u00e9taire dispose de 2 mois apr\u00e8s la visite initiale pour r\u00e9parer les d\u00e9fauts d\u00e9tect\u00e9s lors du contr\u00f4le technique. Nous sommes l\u00e0 pour vous aider, il vous suffit de nous pr\u00e9senter le PV de contr\u00f4le technique et le certificat d\u2019immatriculation en question.<\/span><\/p>\n<p>[\/et_pb_text][et_pb_button button_url=\u00a0\u00bbtel:003271528545&Prime; button_text=\u00a0\u00bb071 52 85 45&Prime; button_alignment=\u00a0\u00bbcenter\u00a0\u00bb _builder_version=\u00a0\u00bb4.20.4&Prime; _module_preset=\u00a0\u00bbdefault\u00a0\u00bb custom_button=\u00a0\u00bbon\u00a0\u00bb button_text_color=\u00a0\u00bb#FFFFFF\u00a0\u00bb button_bg_color=\u00a0\u00bb#E02B20&Prime; button_border_width=\u00a0\u00bb0px\u00a0\u00bb button_border_radius=\u00a0\u00bb30px\u00a0\u00bb button_icon=\u00a0\u00bb&#xf3cd;||fa||900&Prime; global_colors_info=\u00a0\u00bb{}\u00a0\u00bb][\/et_pb_button][\/et_pb_column][et_pb_column type=\u00a0\u00bb2_5&Prime; _builder_version=\u00a0\u00bb4.20.4&Prime; _module_preset=\u00a0\u00bbdefault\u00a0\u00bb global_colors_info=\u00a0\u00bb{}\u00a0\u00bb][et_pb_image src=\u00a0\u00bbhttps:\/\/gtcmotor.be\/wp-content\/uploads\/2023\/04\/38904771_2241645246064737_2945868100676878336_n.jpg\u00a0\u00bb alt=\u00a0\u00bbr\u00e9vision controle technique charleroi gtc motor\u00a0\u00bb title_text=\u00a0\u00bb38904771_2241645246064737_2945868100676878336_n\u00a0\u00bb align=\u00a0\u00bbcenter\u00a0\u00bb _builder_version=\u00a0\u00bb4.20.4&Prime; _module_preset=\u00a0\u00bbdefault\u00a0\u00bb global_colors_info=\u00a0\u00bb{}\u00a0\u00bb][\/et_pb_image][\/et_pb_column][\/et_pb_row][\/et_pb_section]<\/p>\n","protected":false},"excerpt":{"rendered":"<p>Service pr\u00e9paration contr\u00f4le technique &amp; controle \u00e9mission de fum\u00e9e &#8211; particules fines du filtre a particules Vous devez passer votre v\u00e9hicule au contr\u00f4le technique prochainement ? &nbsp;Pr\u00e9-contr\u00f4le technique Notre atelier de m\u00e9canique automobile vous assiste pour l&rsquo;inspection p\u00e9riodique obligatoire du contr\u00f4le technique, la v\u00e9rification pr\u00e9alable de votre v\u00e9hicule ou m\u00eame pour la visite de contre-expertise. [&hellip;]<\/p>\n","protected":false},"author":1,"featured_media":0,"parent":0,"menu_order":0,"comment_status":"closed","ping_status":"closed","template":"","meta":{"_et_pb_use_builder":"on","_et_pb_old_content":"<!-- wp:divi\/placeholder \/-->","_et_gb_content_width":"","footnotes":""},"class_list":["post-26","page","type-page","status-publish","hentry"],"_links":{"self":[{"href":"https:\/\/gtcmotor.be\/index.php\/wp-json\/wp\/v2\/pages\/26","targetHints":{"allow":["GET"]}}],"collection":[{"href":"https:\/\/gtcmotor.be\/index.php\/wp-json\/wp\/v2\/pages"}],"about":[{"href":"https:\/\/gtcmotor.be\/index.php\/wp-json\/wp\/v2\/types\/page"}],"author":[{"embeddable":true,"href":"https:\/\/gtcmotor.be\/index.php\/wp-json\/wp\/v2\/users\/1"}],"replies":[{"embeddable":true,"href":"https:\/\/gtcmotor.be\/index.php\/wp-json\/wp\/v2\/comments?post=26"}],"version-history":[{"count":14,"href":"https:\/\/gtcmotor.be\/index.php\/wp-json\/wp\/v2\/pages\/26\/revisions"}],"predecessor-version":[{"id":522,"href":"https:\/\/gtcmotor.be\/index.php\/wp-json\/wp\/v2\/pages\/26\/revisions\/522"}],"wp:attachment":[{"href":"https:\/\/gtcmotor.be\/index.php\/wp-json\/wp\/v2\/media?parent=26"}],"curies":[{"name":"wp","href":"https:\/\/api.w.org\/{rel}","templated":true}]}}