{"id":322,"date":"2023-11-14T11:52:15","date_gmt":"2023-11-14T11:52:15","guid":{"rendered":"https:\/\/gtcmotor.be\/?page_id=322"},"modified":"2023-11-14T18:52:31","modified_gmt":"2023-11-14T18:52:31","slug":"conditions-de-vente","status":"publish","type":"page","link":"https:\/\/gtcmotor.be\/index.php\/conditions-de-vente\/","title":{"rendered":"."},"content":{"rendered":"<p>[et_pb_section fb_built=\u00a0\u00bb1&Prime; _builder_version=\u00a0\u00bb4.21.0&Prime; _module_preset=\u00a0\u00bbdefault\u00a0\u00bb custom_padding=\u00a0\u00bb82px||82px||true|\u00a0\u00bb hover_enabled=\u00a0\u00bb0&Prime; global_colors_info=\u00a0\u00bb{}\u00a0\u00bb sticky_enabled=\u00a0\u00bb0&Prime;][et_pb_row _builder_version=\u00a0\u00bb4.21.0&Prime; _module_preset=\u00a0\u00bbdefault\u00a0\u00bb global_colors_info=\u00a0\u00bb{}\u00a0\u00bb custom_margin=\u00a0\u00bb|auto|-108px|auto||\u00a0\u00bb custom_padding=\u00a0\u00bb|537px||||\u00a0\u00bb][et_pb_column type=\u00a0\u00bb4_4&Prime; _builder_version=\u00a0\u00bb4.21.0&Prime; _module_preset=\u00a0\u00bbdefault\u00a0\u00bb global_colors_info=\u00a0\u00bb{}\u00a0\u00bb][et_pb_image src=\u00a0\u00bbhttps:\/\/gtcmotor.be\/wp-content\/uploads\/2023\/11\/GTC-conditions-generales-de-reparations-et-de-ventes-7-pdf.jpg\u00a0\u00bb title_text=\u00a0\u00bbGTC-conditions g\u00e9n\u00e9rales de r\u00e9parations et de ventes\u00a0\u00bb _builder_version=\u00a0\u00bb4.21.0&Prime; _module_preset=\u00a0\u00bbdefault\u00a0\u00bb global_colors_info=\u00a0\u00bb{}\u00a0\u00bb custom_padding=\u00a0\u00bb|571px||||\u00a0\u00bb custom_margin=\u00a0\u00bb|-645px||||\u00a0\u00bb][\/et_pb_image][\/et_pb_column][\/et_pb_row][\/et_pb_section]<\/p>\n","protected":false},"excerpt":{"rendered":"","protected":false},"author":2,"featured_media":0,"parent":0,"menu_order":0,"comment_status":"closed","ping_status":"closed","template":"","meta":{"_et_pb_use_builder":"on","_et_pb_old_content":"","_et_gb_content_width":"","footnotes":""},"class_list":["post-322","page","type-page","status-publish","hentry"],"_links":{"self":[{"href":"https:\/\/gtcmotor.be\/index.php\/wp-json\/wp\/v2\/pages\/322","targetHints":{"allow":["GET"]}}],"collection":[{"href":"https:\/\/gtcmotor.be\/index.php\/wp-json\/wp\/v2\/pages"}],"about":[{"href":"https:\/\/gtcmotor.be\/index.php\/wp-json\/wp\/v2\/types\/page"}],"author":[{"embeddable":true,"href":"https:\/\/gtcmotor.be\/index.php\/wp-json\/wp\/v2\/users\/2"}],"replies":[{"embeddable":true,"href":"https:\/\/gtcmotor.be\/index.php\/wp-json\/wp\/v2\/comments?post=322"}],"version-history":[{"count":5,"href":"https:\/\/gtcmotor.be\/index.php\/wp-json\/wp\/v2\/pages\/322\/revisions"}],"predecessor-version":[{"id":405,"href":"https:\/\/gtcmotor.be\/index.php\/wp-json\/wp\/v2\/pages\/322\/revisions\/405"}],"wp:attachment":[{"href":"https:\/\/gtcmotor.be\/index.php\/wp-json\/wp\/v2\/media?parent=322"}],"curies":[{"name":"wp","href":"https:\/\/api.w.org\/{rel}","templated":true}]}}